{"id":7,"date":"2016-10-24T18:21:02","date_gmt":"2016-10-24T16:21:02","guid":{"rendered":"http:\/\/www.przetestowane.info\/?page_id=7"},"modified":"2016-10-24T18:21:02","modified_gmt":"2016-10-24T16:21:02","slug":"dlaczego","status":"publish","type":"page","link":"https:\/\/www.przetestowane.info\/?page_id=7","title":{"rendered":"Dlaczego"},"content":{"rendered":"<p>Dlaczego powsta\u0142a ta strona? Ot\u00f3\u017c ka\u017cdego dnia testujemy dziesi\u0105tki us\u0142ug i towar\u00f3w. Raz jeste\u015bmy zadowoleni innym razem m\u00f3wimy &#8222;nigdy wi\u0119cej&#8221;. Chcemy si\u0119 t\u0105 wiedz\u0105 podzieli\u0107 z naszymi czytelnikami. Kupujemy to co jest nam potrzebne i tego u\u017cywamy do testowania. Niekt\u00f3re rzeczy testujemy latami inne dniami. Jak to opiszemy mo\u017ce niekt\u00f3rzy zaoszcz\u0119dz\u0105 czas i pieni\u0105dze, mo\u017ce u\u0142atwi im to wyb\u00f3r.<\/p>\n<p>Nasze testy s\u0105 subiektywne, my testujemy na naszych warunkach.<\/p>\n","protected":false},"excerpt":{"rendered":"<p>Dlaczego powsta\u0142a ta strona? Ot\u00f3\u017c ka\u017cdego dnia testujemy dziesi\u0105tki us\u0142ug i towar\u00f3w. Raz jeste\u015bmy zadowoleni innym razem m\u00f3wimy &#8222;nigdy wi\u0119cej&#8221;. Chcemy si\u0119 t\u0105 wiedz\u0105 podzieli\u0107 z naszymi czytelnikami. Kupujemy to co jest nam potrzebne i tego u\u017cywamy do testowania. Niekt\u00f3re &hellip; <a href=\"https:\/\/www.przetestowane.info\/?page_id=7\">Czytaj dalej <span class=\"meta-nav\">&rarr;<\/span><\/a><\/p>\n","protected":false},"author":1,"featured_media":0,"parent":0,"menu_order":5,"comment_status":"closed","ping_status":"closed","template":"","meta":{"footnotes":""},"class_list":["post-7","page","type-page","status-publish","hentry"],"_links":{"self":[{"href":"https:\/\/www.przetestowane.info\/index.php?rest_route=\/wp\/v2\/pages\/7","targetHints":{"allow":["GET"]}}],"collection":[{"href":"https:\/\/www.przetestowane.info\/index.php?rest_route=\/wp\/v2\/pages"}],"about":[{"href":"https:\/\/www.przetestowane.info\/index.php?rest_route=\/wp\/v2\/types\/page"}],"author":[{"embeddable":true,"href":"https:\/\/www.przetestowane.info\/index.php?rest_route=\/wp\/v2\/users\/1"}],"replies":[{"embeddable":true,"href":"https:\/\/www.przetestowane.info\/index.php?rest_route=%2Fwp%2Fv2%2Fcomments&post=7"}],"version-history":[{"count":1,"href":"https:\/\/www.przetestowane.info\/index.php?rest_route=\/wp\/v2\/pages\/7\/revisions"}],"predecessor-version":[{"id":8,"href":"https:\/\/www.przetestowane.info\/index.php?rest_route=\/wp\/v2\/pages\/7\/revisions\/8"}],"wp:attachment":[{"href":"https:\/\/www.przetestowane.info\/index.php?rest_route=%2Fwp%2Fv2%2Fmedia&parent=7"}],"curies":[{"name":"wp","href":"https:\/\/api.w.org\/{rel}","templated":true}]}}